{"id":2,"date":"2025-08-06T13:59:29","date_gmt":"2025-08-06T13:59:29","guid":{"rendered":"https:\/\/logopediaolatzmugica.rkinformatika.online\/?page_id=2"},"modified":"2025-08-07T09:04:07","modified_gmt":"2025-08-07T09:04:07","slug":"inicio","status":"publish","type":"page","link":"https:\/\/logopediaolatzmugica.com\/eu\/","title":{"rendered":"Hasiera"},"content":{"rendered":"<div data-elementor-type=\"wp-page\" data-elementor-id=\"2\" class=\"elementor elementor-2\" data-elementor-post-type=\"page\">\n\t\t\t\t\t\t<section class=\"elementor-section elementor-top-section elementor-element elementor-element-766a94f elementor-section-boxed elementor-section-height-default elementor-section-height-default\" data-id=\"766a94f\" data-element_type=\"section\" data-e-type=\"section\" data-settings=\"{&quot;background_background&quot;:&quot;classic&quot;}\">\n\t\t\t\t\t\t\t<div class=\"elementor-background-overlay\"><\/div>\n\t\t\t\t\t\t\t<div class=\"elementor-container elementor-column-gap-default\">\n\t\t\t\t\t<div class=\"elementor-column elementor-col-100 elementor-top-column elementor-element elementor-element-828849f\" data-id=\"828849f\" data-element_type=\"column\" data-e-type=\"column\">\n\t\t\t<div class=\"elementor-widget-wrap elementor-element-populated\">\n\t\t\t\t\t\t<div class=\"elementor-element elementor-element-f2f875a elementor-headline--style-highlight elementor-widget elementor-widget-animated-headline\" data-id=\"f2f875a\" data-element_type=\"widget\" data-e-type=\"widget\" data-settings=\"{&quot;marker&quot;:&quot;double&quot;,&quot;highlighted_text&quot;:&quot;Logopeda y santaria&quot;,&quot;headline_style&quot;:&quot;highlight&quot;,&quot;loop&quot;:&quot;yes&quot;,&quot;highlight_animation_duration&quot;:1200,&quot;highlight_iteration_delay&quot;:8000}\" data-widget_type=\"animated-headline.default\">\n\t\t\t\t\t\t\t<h3 class=\"elementor-headline\">\n\t\t\t\t<span class=\"elementor-headline-dynamic-wrapper elementor-headline-text-wrapper\">\n\t\t\t\t\t<span class=\"elementor-headline-dynamic-text elementor-headline-text-active\">Logopeda y santaria<\/span>\n\t\t\t\t<\/span>\n\t\t\t\t<\/h3>\n\t\t\t\t\t\t<\/div>\n\t\t\t\t<div class=\"elementor-element elementor-element-d44b036 elementor-widget elementor-widget-button\" data-id=\"d44b036\" data-element_type=\"widget\" data-e-type=\"widget\" data-widget_type=\"button.default\">\n\t\t\t\t\t\t\t\t\t\t<a class=\"elementor-button elementor-button-link elementor-size-sm\" href=\"\/eu\/servicios\/\">\n\t\t\t\t\t\t<span class=\"elementor-button-content-wrapper\">\n\t\t\t\t\t\t\t\t\t<span class=\"elementor-button-text\">Zerbitzuak<\/span>\n\t\t\t\t\t<\/span>\n\t\t\t\t\t<\/a>\n\t\t\t\t\t\t\t\t<\/div>\n\t\t\t\t\t<\/div>\n\t\t<\/div>\n\t\t\t\t\t<\/div>\n\t\t<\/section>\n\t\t\t\t<section class=\"elementor-section elementor-top-section elementor-element elementor-element-86f9334 elementor-section-boxed elementor-section-height-default elementor-section-height-default\" data-id=\"86f9334\" data-element_type=\"section\" data-e-type=\"section\">\n\t\t\t\t\t\t<div class=\"elementor-container elementor-column-gap-default\">\n\t\t\t\t\t<div class=\"elementor-column elementor-col-50 elementor-top-column elementor-element elementor-element-f8e10fa\" data-id=\"f8e10fa\" data-element_type=\"column\" data-e-type=\"column\">\n\t\t\t<div class=\"elementor-widget-wrap elementor-element-populated\">\n\t\t\t\t\t\t<div class=\"elementor-element elementor-element-638dec3 elementor-invisible elementor-widget elementor-widget-heading\" data-id=\"638dec3\" data-element_type=\"widget\" data-e-type=\"widget\" data-settings=\"{&quot;_animation&quot;:&quot;fadeIn&quot;,&quot;_animation_delay&quot;:50}\" data-widget_type=\"heading.default\">\n\t\t\t\t\t<h2 class=\"elementor-heading-title elementor-size-default\">Guri buruz<\/h2>\t\t\t\t<\/div>\n\t\t\t\t<div class=\"elementor-element elementor-element-4fab5fa elementor-invisible elementor-widget elementor-widget-heading\" data-id=\"4fab5fa\" data-element_type=\"widget\" data-e-type=\"widget\" data-settings=\"{&quot;_animation&quot;:&quot;fadeIn&quot;,&quot;_animation_delay&quot;:100}\" data-widget_type=\"heading.default\">\n\t\t\t\t\t<h2 class=\"elementor-heading-title elementor-size-default\">Jaioberriei, haurtxoei eta haurrei laguntzea<\/h2>\t\t\t\t<\/div>\n\t\t\t\t<div class=\"elementor-element elementor-element-65c8f49 elementor-widget elementor-widget-text-editor\" data-id=\"65c8f49\" data-element_type=\"widget\" data-e-type=\"widget\" data-widget_type=\"text-editor.default\">\n\t\t\t\t\t\t\t\t\t<p>Logopeda gisa lan egiten dut 2006. urteaz geroztik, eta arlo horretan esperientzia zabala izateko aukera izan dut. 2016an sortu zen enpresa, kalitatezko zerbitzua emateko eta pertsona askori komunikazioa eta hizkuntza-trebetasunak hobetzen laguntzeko. Ordutik, lan nekeza egin dugu hazteko eta gure pazienteei laguntza integrala eskaintzeko.<\/p>\t\t\t\t\t\t\t\t<\/div>\n\t\t\t\t<div class=\"elementor-element elementor-element-0022ad5 elementor-widget elementor-widget-image\" data-id=\"0022ad5\" data-element_type=\"widget\" data-e-type=\"widget\" data-widget_type=\"image.default\">\n\t\t\t\t\t\t\t\t\t\t\t\t\t\t\t<img fetchpriority=\"high\" decoding=\"async\" width=\"1440\" height=\"1080\" src=\"https:\/\/logopediaolatzmugica.com\/wp-content\/uploads\/2025\/08\/152355924_3011875692393555_2209967738354523323_n.jpg\" class=\"elementor-animation-buzz attachment-full size-full wp-image-147\" alt=\"\" srcset=\"https:\/\/logopediaolatzmugica.com\/wp-content\/uploads\/2025\/08\/152355924_3011875692393555_2209967738354523323_n.jpg 1440w, https:\/\/logopediaolatzmugica.com\/wp-content\/uploads\/2025\/08\/152355924_3011875692393555_2209967738354523323_n-300x225.jpg 300w, https:\/\/logopediaolatzmugica.com\/wp-content\/uploads\/2025\/08\/152355924_3011875692393555_2209967738354523323_n-1024x768.jpg 1024w, https:\/\/logopediaolatzmugica.com\/wp-content\/uploads\/2025\/08\/152355924_3011875692393555_2209967738354523323_n-768x576.jpg 768w, https:\/\/logopediaolatzmugica.com\/wp-content\/uploads\/2025\/08\/152355924_3011875692393555_2209967738354523323_n-16x12.jpg 16w\" sizes=\"(max-width: 1440px) 100vw, 1440px\" \/>\t\t\t\t\t\t\t\t\t\t\t\t\t\t\t<\/div>\n\t\t\t\t\t<\/div>\n\t\t<\/div>\n\t\t\t\t<div class=\"elementor-column elementor-col-50 elementor-top-column elementor-element elementor-element-7d2904a\" data-id=\"7d2904a\" data-element_type=\"column\" data-e-type=\"column\">\n\t\t\t<div class=\"elementor-widget-wrap elementor-element-populated\">\n\t\t\t\t\t\t<div class=\"elementor-element elementor-element-af00007 elementor-widget elementor-widget-image\" data-id=\"af00007\" data-element_type=\"widget\" data-e-type=\"widget\" data-widget_type=\"image.default\">\n\t\t\t\t\t\t\t\t\t\t\t\t\t\t\t<img decoding=\"async\" width=\"1440\" height=\"1800\" src=\"https:\/\/logopediaolatzmugica.com\/wp-content\/uploads\/2025\/08\/192453035_3086205551627235_3953091924268855248_n.jpg\" class=\"elementor-animation-buzz attachment-full size-full wp-image-170\" alt=\"\" srcset=\"https:\/\/logopediaolatzmugica.com\/wp-content\/uploads\/2025\/08\/192453035_3086205551627235_3953091924268855248_n.jpg 1440w, https:\/\/logopediaolatzmugica.com\/wp-content\/uploads\/2025\/08\/192453035_3086205551627235_3953091924268855248_n-240x300.jpg 240w, https:\/\/logopediaolatzmugica.com\/wp-content\/uploads\/2025\/08\/192453035_3086205551627235_3953091924268855248_n-819x1024.jpg 819w, https:\/\/logopediaolatzmugica.com\/wp-content\/uploads\/2025\/08\/192453035_3086205551627235_3953091924268855248_n-768x960.jpg 768w, https:\/\/logopediaolatzmugica.com\/wp-content\/uploads\/2025\/08\/192453035_3086205551627235_3953091924268855248_n-1229x1536.jpg 1229w, https:\/\/logopediaolatzmugica.com\/wp-content\/uploads\/2025\/08\/192453035_3086205551627235_3953091924268855248_n-10x12.jpg 10w\" sizes=\"(max-width: 1440px) 100vw, 1440px\" \/>\t\t\t\t\t\t\t\t\t\t\t\t\t\t\t<\/div>\n\t\t\t\t<div class=\"elementor-element elementor-element-fa1463c elementor-widget elementor-widget-image\" data-id=\"fa1463c\" data-element_type=\"widget\" data-e-type=\"widget\" data-widget_type=\"image.default\">\n\t\t\t\t\t\t\t\t\t\t\t\t\t\t\t<img decoding=\"async\" width=\"1440\" height=\"1440\" src=\"https:\/\/logopediaolatzmugica.com\/wp-content\/uploads\/2025\/08\/159275686_3026306444283813_7050675424367260529_n.jpg\" class=\"elementor-animation-buzz attachment-full size-full wp-image-149\" alt=\"\" srcset=\"https:\/\/logopediaolatzmugica.com\/wp-content\/uploads\/2025\/08\/159275686_3026306444283813_7050675424367260529_n.jpg 1440w, https:\/\/logopediaolatzmugica.com\/wp-content\/uploads\/2025\/08\/159275686_3026306444283813_7050675424367260529_n-300x300.jpg 300w, https:\/\/logopediaolatzmugica.com\/wp-content\/uploads\/2025\/08\/159275686_3026306444283813_7050675424367260529_n-1024x1024.jpg 1024w, https:\/\/logopediaolatzmugica.com\/wp-content\/uploads\/2025\/08\/159275686_3026306444283813_7050675424367260529_n-150x150.jpg 150w, https:\/\/logopediaolatzmugica.com\/wp-content\/uploads\/2025\/08\/159275686_3026306444283813_7050675424367260529_n-768x768.jpg 768w, https:\/\/logopediaolatzmugica.com\/wp-content\/uploads\/2025\/08\/159275686_3026306444283813_7050675424367260529_n-12x12.jpg 12w\" sizes=\"(max-width: 1440px) 100vw, 1440px\" \/>\t\t\t\t\t\t\t\t\t\t\t\t\t\t\t<\/div>\n\t\t\t\t\t<\/div>\n\t\t<\/div>\n\t\t\t\t\t<\/div>\n\t\t<\/section>\n\t\t<div class=\"elementor-element elementor-element-5f785f7 e-flex e-con-boxed e-con e-parent\" data-id=\"5f785f7\" data-element_type=\"container\" data-e-type=\"container\" data-settings=\"{&quot;background_background&quot;:&quot;classic&quot;}\">\n\t\t\t\t\t<div class=\"e-con-inner\">\n\t\t\t\t<div class=\"elementor-element elementor-element-c27c56d elementor-invisible elementor-widget elementor-widget-heading\" data-id=\"c27c56d\" data-element_type=\"widget\" data-e-type=\"widget\" data-settings=\"{&quot;_animation&quot;:&quot;fadeInRight&quot;}\" data-widget_type=\"heading.default\">\n\t\t\t\t\t<h2 class=\"elementor-heading-title elementor-size-default\">Zaindu eta mimatu zure ahotsa, beti doa zurekin!<\/h2>\t\t\t\t<\/div>\n\t\t\t\t<div class=\"elementor-element elementor-element-d4d6569 elementor-invisible elementor-widget elementor-widget-button\" data-id=\"d4d6569\" data-element_type=\"widget\" data-e-type=\"widget\" data-settings=\"{&quot;_animation&quot;:&quot;fadeInLeft&quot;}\" data-widget_type=\"button.default\">\n\t\t\t\t\t\t\t\t\t\t<a class=\"elementor-button elementor-button-link elementor-size-sm\" href=\"\/eu\/servicios\/\">\n\t\t\t\t\t\t<span class=\"elementor-button-content-wrapper\">\n\t\t\t\t\t\t\t\t\t<span class=\"elementor-button-text\">Zerbitzuak<\/span>\n\t\t\t\t\t<\/span>\n\t\t\t\t\t<\/a>\n\t\t\t\t\t\t\t\t<\/div>\n\t\t\t\t\t<\/div>\n\t\t\t\t<\/div>\n\t\t\t\t<section class=\"elementor-section elementor-top-section elementor-element elementor-element-345904a elementor-section-boxed elementor-section-height-default elementor-section-height-default\" data-id=\"345904a\" data-element_type=\"section\" data-e-type=\"section\">\n\t\t\t\t\t\t<div class=\"elementor-container elementor-column-gap-default\">\n\t\t\t\t\t<div class=\"elementor-column elementor-col-50 elementor-top-column elementor-element elementor-element-042babc\" data-id=\"042babc\" data-element_type=\"column\" data-e-type=\"column\">\n\t\t\t<div class=\"elementor-widget-wrap elementor-element-populated\">\n\t\t\t\t\t\t<div class=\"elementor-element elementor-element-c0d935e elementor-widget elementor-widget-image\" data-id=\"c0d935e\" data-element_type=\"widget\" data-e-type=\"widget\" data-widget_type=\"image.default\">\n\t\t\t\t\t\t\t\t\t\t\t\t\t\t\t<img loading=\"lazy\" decoding=\"async\" width=\"1440\" height=\"1080\" src=\"https:\/\/logopediaolatzmugica.com\/wp-content\/uploads\/2025\/08\/195457049_3085748675006256_2406995007118047409_n.jpg\" class=\"elementor-animation-buzz attachment-full size-full wp-image-169\" alt=\"\" srcset=\"https:\/\/logopediaolatzmugica.com\/wp-content\/uploads\/2025\/08\/195457049_3085748675006256_2406995007118047409_n.jpg 1440w, https:\/\/logopediaolatzmugica.com\/wp-content\/uploads\/2025\/08\/195457049_3085748675006256_2406995007118047409_n-300x225.jpg 300w, https:\/\/logopediaolatzmugica.com\/wp-content\/uploads\/2025\/08\/195457049_3085748675006256_2406995007118047409_n-1024x768.jpg 1024w, https:\/\/logopediaolatzmugica.com\/wp-content\/uploads\/2025\/08\/195457049_3085748675006256_2406995007118047409_n-768x576.jpg 768w, https:\/\/logopediaolatzmugica.com\/wp-content\/uploads\/2025\/08\/195457049_3085748675006256_2406995007118047409_n-16x12.jpg 16w\" sizes=\"(max-width: 1440px) 100vw, 1440px\" \/>\t\t\t\t\t\t\t\t\t\t\t\t\t\t\t<\/div>\n\t\t\t\t<div class=\"elementor-element elementor-element-16eebb9 elementor-widget elementor-widget-image\" data-id=\"16eebb9\" data-element_type=\"widget\" data-e-type=\"widget\" data-widget_type=\"image.default\">\n\t\t\t\t\t\t\t\t\t\t\t\t\t\t\t<img loading=\"lazy\" decoding=\"async\" width=\"1440\" height=\"1440\" src=\"https:\/\/logopediaolatzmugica.com\/wp-content\/uploads\/2025\/08\/470176821_4051884901725957_3876572314237582409_n.jpg\" class=\"elementor-animation-buzz attachment-full size-full wp-image-177\" alt=\"\" srcset=\"https:\/\/logopediaolatzmugica.com\/wp-content\/uploads\/2025\/08\/470176821_4051884901725957_3876572314237582409_n.jpg 1440w, https:\/\/logopediaolatzmugica.com\/wp-content\/uploads\/2025\/08\/470176821_4051884901725957_3876572314237582409_n-300x300.jpg 300w, https:\/\/logopediaolatzmugica.com\/wp-content\/uploads\/2025\/08\/470176821_4051884901725957_3876572314237582409_n-1024x1024.jpg 1024w, https:\/\/logopediaolatzmugica.com\/wp-content\/uploads\/2025\/08\/470176821_4051884901725957_3876572314237582409_n-150x150.jpg 150w, https:\/\/logopediaolatzmugica.com\/wp-content\/uploads\/2025\/08\/470176821_4051884901725957_3876572314237582409_n-768x768.jpg 768w, https:\/\/logopediaolatzmugica.com\/wp-content\/uploads\/2025\/08\/470176821_4051884901725957_3876572314237582409_n-12x12.jpg 12w\" sizes=\"(max-width: 1440px) 100vw, 1440px\" \/>\t\t\t\t\t\t\t\t\t\t\t\t\t\t\t<\/div>\n\t\t\t\t\t<\/div>\n\t\t<\/div>\n\t\t\t\t<div class=\"elementor-column elementor-col-50 elementor-top-column elementor-element elementor-element-1e5d95b\" data-id=\"1e5d95b\" data-element_type=\"column\" data-e-type=\"column\">\n\t\t\t<div class=\"elementor-widget-wrap elementor-element-populated\">\n\t\t\t\t\t\t<div class=\"elementor-element elementor-element-85db12b elementor-invisible elementor-widget elementor-widget-heading\" data-id=\"85db12b\" data-element_type=\"widget\" data-e-type=\"widget\" data-settings=\"{&quot;_animation&quot;:&quot;fadeIn&quot;,&quot;_animation_delay&quot;:50}\" data-widget_type=\"heading.default\">\n\t\t\t\t\t<h2 class=\"elementor-heading-title elementor-size-default\">Gehiago guri buruz<\/h2>\t\t\t\t<\/div>\n\t\t\t\t<div class=\"elementor-element elementor-element-c427e4b elementor-invisible elementor-widget elementor-widget-heading\" data-id=\"c427e4b\" data-element_type=\"widget\" data-e-type=\"widget\" data-settings=\"{&quot;_animation&quot;:&quot;fadeIn&quot;,&quot;_animation_delay&quot;:100}\" data-widget_type=\"heading.default\">\n\t\t\t\t\t<h2 class=\"elementor-heading-title elementor-size-default\">Nerabe, heldu eta zaharrentzako laguntza<\/h2>\t\t\t\t<\/div>\n\t\t\t\t<div class=\"elementor-element elementor-element-4653e80 elementor-widget elementor-widget-text-editor\" data-id=\"4653e80\" data-element_type=\"widget\" data-e-type=\"widget\" data-widget_type=\"text-editor.default\">\n\t\t\t\t\t\t\t\t\t<p>Logopedia ez da soilik saioetan egotea. Lan handia dago atzean: bilerak azekin, gurasoekin, txostenak, materialak sortzea, azterketak, telefono bidezko arreta, etab.<\/p>\n<p>Baina beti irribarre batekin, guztiaren gainetik gure lana maite dugulako eta egunero dakizkigun onenak ematen dizkigulako.<\/p>\t\t\t\t\t\t\t\t<\/div>\n\t\t\t\t<div class=\"elementor-element elementor-element-f12c86e elementor-widget elementor-widget-button\" data-id=\"f12c86e\" data-element_type=\"widget\" data-e-type=\"widget\" data-widget_type=\"button.default\">\n\t\t\t\t\t\t\t\t\t\t<a class=\"elementor-button elementor-button-link elementor-size-sm\" href=\"\/eu\/contacto\/\">\n\t\t\t\t\t\t<span class=\"elementor-button-content-wrapper\">\n\t\t\t\t\t\t\t\t\t<span class=\"elementor-button-text\">Jarri gurekin harremanetan<\/span>\n\t\t\t\t\t<\/span>\n\t\t\t\t\t<\/a>\n\t\t\t\t\t\t\t\t<\/div>\n\t\t\t\t\t<\/div>\n\t\t<\/div>\n\t\t\t\t\t<\/div>\n\t\t<\/section>\n\t\t\t\t<\/div>","protected":false},"excerpt":{"rendered":"<p>Logopeda y santaria Servicios Sobre nosotros Ayuda a neonatos, bebes y ni\u00f1os Trabajo como logopeda desde el a\u00f1o 2006, y he tenido la oportunidad de adquirir una amplia experiencia en este campo. La empresa en la que laboro se cre\u00f3 en el 2016, con el objetivo de brindar un servicio de calidad y ayudar a [&hellip;]<\/p>\n","protected":false},"author":1,"featured_media":0,"parent":0,"menu_order":0,"comment_status":"closed","ping_status":"closed","template":"elementor_canvas","meta":{"footnotes":""},"class_list":["post-2","page","type-page","status-publish","hentry"],"yoast_head":"<!-- This site is optimized with the Yoast SEO plugin v27.3 - https:\/\/yoast.com\/product\/yoast-seo-wordpress\/ -->\n<title>Inicio - Logopedia Olatz Mugica<\/title>\n<meta name=\"robots\" content=\"index, follow, max-snippet:-1, max-image-preview:large, max-video-preview:-1\" \/>\n<link rel=\"canonical\" href=\"https:\/\/logopediaolatzmugica.com\/eu\/\" \/>\n<meta property=\"og:locale\" content=\"en_US\" \/>\n<meta property=\"og:type\" content=\"article\" \/>\n<meta property=\"og:title\" content=\"Inicio - Logopedia Olatz Mugica\" \/>\n<meta property=\"og:description\" content=\"Logopeda y santaria Servicios Sobre nosotros Ayuda a neonatos, bebes y ni\u00f1os Trabajo como logopeda desde el a\u00f1o 2006, y he tenido la oportunidad de adquirir una amplia experiencia en este campo. La empresa en la que laboro se cre\u00f3 en el 2016, con el objetivo de brindar un servicio de calidad y ayudar a [&hellip;]\" \/>\n<meta property=\"og:url\" content=\"https:\/\/logopediaolatzmugica.com\/eu\/\" \/>\n<meta property=\"og:site_name\" content=\"Logopedia Olatz Mugica\" \/>\n<meta property=\"article:modified_time\" content=\"2025-08-07T09:04:07+00:00\" \/>\n<meta property=\"og:image\" content=\"https:\/\/logopediaolatzmugica.com\/wp-content\/uploads\/2025\/08\/152355924_3011875692393555_2209967738354523323_n.jpg\" \/>\n<meta name=\"twitter:card\" content=\"summary_large_image\" \/>\n<meta name=\"twitter:label1\" content=\"Est. reading time\" \/>\n\t<meta name=\"twitter:data1\" content=\"1 minutua\" \/>\n<script type=\"application\/ld+json\" class=\"yoast-schema-graph\">{\"@context\":\"https:\\\/\\\/schema.org\",\"@graph\":[{\"@type\":\"WebPage\",\"@id\":\"https:\\\/\\\/logopediaolatzmugica.com\\\/\",\"url\":\"https:\\\/\\\/logopediaolatzmugica.com\\\/\",\"name\":\"Inicio - Logopedia Olatz Mugica\",\"isPartOf\":{\"@id\":\"https:\\\/\\\/logopediaolatzmugica.com\\\/#website\"},\"primaryImageOfPage\":{\"@id\":\"https:\\\/\\\/logopediaolatzmugica.com\\\/#primaryimage\"},\"image\":{\"@id\":\"https:\\\/\\\/logopediaolatzmugica.com\\\/#primaryimage\"},\"thumbnailUrl\":\"https:\\\/\\\/logopediaolatzmugica.com\\\/wp-content\\\/uploads\\\/2025\\\/08\\\/152355924_3011875692393555_2209967738354523323_n.jpg\",\"datePublished\":\"2025-08-06T13:59:29+00:00\",\"dateModified\":\"2025-08-07T09:04:07+00:00\",\"breadcrumb\":{\"@id\":\"https:\\\/\\\/logopediaolatzmugica.com\\\/#breadcrumb\"},\"inLanguage\":\"eu\",\"potentialAction\":[{\"@type\":\"ReadAction\",\"target\":[\"https:\\\/\\\/logopediaolatzmugica.com\\\/\"]}]},{\"@type\":\"ImageObject\",\"inLanguage\":\"eu\",\"@id\":\"https:\\\/\\\/logopediaolatzmugica.com\\\/#primaryimage\",\"url\":\"https:\\\/\\\/logopediaolatzmugica.com\\\/wp-content\\\/uploads\\\/2025\\\/08\\\/152355924_3011875692393555_2209967738354523323_n.jpg\",\"contentUrl\":\"https:\\\/\\\/logopediaolatzmugica.com\\\/wp-content\\\/uploads\\\/2025\\\/08\\\/152355924_3011875692393555_2209967738354523323_n.jpg\"},{\"@type\":\"BreadcrumbList\",\"@id\":\"https:\\\/\\\/logopediaolatzmugica.com\\\/#breadcrumb\",\"itemListElement\":[{\"@type\":\"ListItem\",\"position\":1,\"name\":\"Portada\",\"item\":\"https:\\\/\\\/logopediaolatzmugica.com\\\/\"},{\"@type\":\"ListItem\",\"position\":2,\"name\":\"Inicio\"}]},{\"@type\":\"WebSite\",\"@id\":\"https:\\\/\\\/logopediaolatzmugica.com\\\/#website\",\"url\":\"https:\\\/\\\/logopediaolatzmugica.com\\\/\",\"name\":\"Logopedia Olatz Mugica\",\"description\":\"Logopedia Olatz Mugica\",\"publisher\":{\"@id\":\"https:\\\/\\\/logopediaolatzmugica.com\\\/#organization\"},\"potentialAction\":[{\"@type\":\"SearchAction\",\"target\":{\"@type\":\"EntryPoint\",\"urlTemplate\":\"https:\\\/\\\/logopediaolatzmugica.com\\\/?s={search_term_string}\"},\"query-input\":{\"@type\":\"PropertyValueSpecification\",\"valueRequired\":true,\"valueName\":\"search_term_string\"}}],\"inLanguage\":\"eu\"},{\"@type\":\"Organization\",\"@id\":\"https:\\\/\\\/logopediaolatzmugica.com\\\/#organization\",\"name\":\"Logopedia Olatz Mugica\",\"url\":\"https:\\\/\\\/logopediaolatzmugica.com\\\/\",\"logo\":{\"@type\":\"ImageObject\",\"inLanguage\":\"eu\",\"@id\":\"https:\\\/\\\/logopediaolatzmugica.com\\\/#\\\/schema\\\/logo\\\/image\\\/\",\"url\":\"https:\\\/\\\/logopediaolatzmugica.com\\\/wp-content\\\/uploads\\\/2025\\\/08\\\/cropped-logo3-trans.png\",\"contentUrl\":\"https:\\\/\\\/logopediaolatzmugica.com\\\/wp-content\\\/uploads\\\/2025\\\/08\\\/cropped-logo3-trans.png\",\"width\":493,\"height\":113,\"caption\":\"Logopedia Olatz Mugica\"},\"image\":{\"@id\":\"https:\\\/\\\/logopediaolatzmugica.com\\\/#\\\/schema\\\/logo\\\/image\\\/\"}}]}<\/script>\n<!-- \/ Yoast SEO plugin. -->","yoast_head_json":{"title":"Inicio - Logopedia Olatz Mugica","robots":{"index":"index","follow":"follow","max-snippet":"max-snippet:-1","max-image-preview":"max-image-preview:large","max-video-preview":"max-video-preview:-1"},"canonical":"https:\/\/logopediaolatzmugica.com\/eu\/","og_locale":"en_US","og_type":"article","og_title":"Inicio - Logopedia Olatz Mugica","og_description":"Logopeda y santaria Servicios Sobre nosotros Ayuda a neonatos, bebes y ni\u00f1os Trabajo como logopeda desde el a\u00f1o 2006, y he tenido la oportunidad de adquirir una amplia experiencia en este campo. La empresa en la que laboro se cre\u00f3 en el 2016, con el objetivo de brindar un servicio de calidad y ayudar a [&hellip;]","og_url":"https:\/\/logopediaolatzmugica.com\/eu\/","og_site_name":"Logopedia Olatz Mugica","article_modified_time":"2025-08-07T09:04:07+00:00","og_image":[{"url":"https:\/\/logopediaolatzmugica.com\/wp-content\/uploads\/2025\/08\/152355924_3011875692393555_2209967738354523323_n.jpg","type":"","width":"","height":""}],"twitter_card":"summary_large_image","twitter_misc":{"Est. reading time":"1 minutua"},"schema":{"@context":"https:\/\/schema.org","@graph":[{"@type":"WebPage","@id":"https:\/\/logopediaolatzmugica.com\/","url":"https:\/\/logopediaolatzmugica.com\/","name":"Inicio - Logopedia Olatz Mugica","isPartOf":{"@id":"https:\/\/logopediaolatzmugica.com\/#website"},"primaryImageOfPage":{"@id":"https:\/\/logopediaolatzmugica.com\/#primaryimage"},"image":{"@id":"https:\/\/logopediaolatzmugica.com\/#primaryimage"},"thumbnailUrl":"https:\/\/logopediaolatzmugica.com\/wp-content\/uploads\/2025\/08\/152355924_3011875692393555_2209967738354523323_n.jpg","datePublished":"2025-08-06T13:59:29+00:00","dateModified":"2025-08-07T09:04:07+00:00","breadcrumb":{"@id":"https:\/\/logopediaolatzmugica.com\/#breadcrumb"},"inLanguage":"eu","potentialAction":[{"@type":"ReadAction","target":["https:\/\/logopediaolatzmugica.com\/"]}]},{"@type":"ImageObject","inLanguage":"eu","@id":"https:\/\/logopediaolatzmugica.com\/#primaryimage","url":"https:\/\/logopediaolatzmugica.com\/wp-content\/uploads\/2025\/08\/152355924_3011875692393555_2209967738354523323_n.jpg","contentUrl":"https:\/\/logopediaolatzmugica.com\/wp-content\/uploads\/2025\/08\/152355924_3011875692393555_2209967738354523323_n.jpg"},{"@type":"BreadcrumbList","@id":"https:\/\/logopediaolatzmugica.com\/#breadcrumb","itemListElement":[{"@type":"ListItem","position":1,"name":"Portada","item":"https:\/\/logopediaolatzmugica.com\/"},{"@type":"ListItem","position":2,"name":"Inicio"}]},{"@type":"WebSite","@id":"https:\/\/logopediaolatzmugica.com\/#website","url":"https:\/\/logopediaolatzmugica.com\/","name":"Logopedia Olatz Mugica","description":"Logopedia Olatz Mugica","publisher":{"@id":"https:\/\/logopediaolatzmugica.com\/#organization"},"potentialAction":[{"@type":"SearchAction","target":{"@type":"EntryPoint","urlTemplate":"https:\/\/logopediaolatzmugica.com\/?s={search_term_string}"},"query-input":{"@type":"PropertyValueSpecification","valueRequired":true,"valueName":"search_term_string"}}],"inLanguage":"eu"},{"@type":"Organization","@id":"https:\/\/logopediaolatzmugica.com\/#organization","name":"Logopedia Olatz Mugica","url":"https:\/\/logopediaolatzmugica.com\/","logo":{"@type":"ImageObject","inLanguage":"eu","@id":"https:\/\/logopediaolatzmugica.com\/#\/schema\/logo\/image\/","url":"https:\/\/logopediaolatzmugica.com\/wp-content\/uploads\/2025\/08\/cropped-logo3-trans.png","contentUrl":"https:\/\/logopediaolatzmugica.com\/wp-content\/uploads\/2025\/08\/cropped-logo3-trans.png","width":493,"height":113,"caption":"Logopedia Olatz Mugica"},"image":{"@id":"https:\/\/logopediaolatzmugica.com\/#\/schema\/logo\/image\/"}}]}},"_links":{"self":[{"href":"https:\/\/logopediaolatzmugica.com\/eu\/wp-json\/wp\/v2\/pages\/2","targetHints":{"allow":["GET"]}}],"collection":[{"href":"https:\/\/logopediaolatzmugica.com\/eu\/wp-json\/wp\/v2\/pages"}],"about":[{"href":"https:\/\/logopediaolatzmugica.com\/eu\/wp-json\/wp\/v2\/types\/page"}],"author":[{"embeddable":true,"href":"https:\/\/logopediaolatzmugica.com\/eu\/wp-json\/wp\/v2\/users\/1"}],"replies":[{"embeddable":true,"href":"https:\/\/logopediaolatzmugica.com\/eu\/wp-json\/wp\/v2\/comments?post=2"}],"version-history":[{"count":106,"href":"https:\/\/logopediaolatzmugica.com\/eu\/wp-json\/wp\/v2\/pages\/2\/revisions"}],"predecessor-version":[{"id":516,"href":"https:\/\/logopediaolatzmugica.com\/eu\/wp-json\/wp\/v2\/pages\/2\/revisions\/516"}],"wp:attachment":[{"href":"https:\/\/logopediaolatzmugica.com\/eu\/wp-json\/wp\/v2\/media?parent=2"}],"curies":[{"name":"wp","href":"https:\/\/api.w.org\/{rel}","templated":true}]}}